{"id":50,"date":"2024-08-27T14:55:14","date_gmt":"2024-08-27T12:55:14","guid":{"rendered":"https:\/\/www.ace01.org\/?page_id=50"},"modified":"2026-01-14T16:39:48","modified_gmt":"2026-01-14T15:39:48","slug":"newsletter-et-actualites","status":"publish","type":"page","link":"https:\/\/www.ace01.org\/?page_id=50","title":{"rendered":"Newsletter et Actualit\u00e9s"},"content":{"rendered":"\n<h2 class=\"wp-block-heading\"><\/h2>\n\n\n\n<p><\/p>\n\n\n\n<p class=\"has-medium-font-size\"><\/p>\n\n\n\n<h2 class=\"wp-block-heading\">Proposition pour 2025-2026 autour de La Cantine : <\/h2>\n\n\n\n<figure class=\"wp-block-image aligncenter size-large is-resized\"><img loading=\"lazy\" decoding=\"async\" width=\"726\" height=\"1024\" src=\"https:\/\/www.ace01.org\/wp-content\/uploads\/2025\/06\/PROCANTINE20252026-726x1024.png\" alt=\"\" class=\"wp-image-200\" style=\"width:578px;height:auto\" srcset=\"https:\/\/www.ace01.org\/wp-content\/uploads\/2025\/06\/PROCANTINE20252026-726x1024.png 726w, https:\/\/www.ace01.org\/wp-content\/uploads\/2025\/06\/PROCANTINE20252026-213x300.png 213w, https:\/\/www.ace01.org\/wp-content\/uploads\/2025\/06\/PROCANTINE20252026.png 1240w\" sizes=\"(max-width: 726px) 100vw, 726px\" \/><\/figure>\n\n\n\n<h2 class=\"wp-block-heading\">Flyers des derni\u00e8res activit\u00e9s de l&rsquo;ACE :<\/h2>\n\n\n\n<p><\/p>\n\n\n\n<p><strong>Club d&rsquo;enfants et dates des prochains clubs <\/strong><\/p>\n\n\n\n<p><\/p>\n\n\n\n<div class=\"wp-block-group is-content-justification-right is-nowrap is-layout-flex wp-container-core-group-layout-1 wp-block-group-is-layout-flex\">\n<figure class=\"wp-block-image alignleft size-large is-resized\"><img loading=\"lazy\" decoding=\"async\" width=\"724\" height=\"1024\" src=\"https:\/\/www.ace01.org\/wp-content\/uploads\/2026\/01\/flyer-club-ace-724x1024.png\" alt=\"\" class=\"wp-image-242\" style=\"width:337px;height:auto\" srcset=\"https:\/\/www.ace01.org\/wp-content\/uploads\/2026\/01\/flyer-club-ace-724x1024.png 724w, https:\/\/www.ace01.org\/wp-content\/uploads\/2026\/01\/flyer-club-ace-212x300.png 212w, https:\/\/www.ace01.org\/wp-content\/uploads\/2026\/01\/flyer-club-ace.png 1414w\" sizes=\"(max-width: 724px) 100vw, 724px\" \/><\/figure>\n\n\n\n<figure class=\"wp-block-image alignleft size-large is-resized\"><img loading=\"lazy\" decoding=\"async\" width=\"724\" height=\"1024\" src=\"https:\/\/www.ace01.org\/wp-content\/uploads\/2026\/01\/Copie-de-Dates-des-clubs-ACE-724x1024.png\" alt=\"\" class=\"wp-image-240\" style=\"width:337px;height:auto\" srcset=\"https:\/\/www.ace01.org\/wp-content\/uploads\/2026\/01\/Copie-de-Dates-des-clubs-ACE-724x1024.png 724w, https:\/\/www.ace01.org\/wp-content\/uploads\/2026\/01\/Copie-de-Dates-des-clubs-ACE-212x300.png 212w, https:\/\/www.ace01.org\/wp-content\/uploads\/2026\/01\/Copie-de-Dates-des-clubs-ACE.png 1414w\" sizes=\"(max-width: 724px) 100vw, 724px\" \/><\/figure>\n\n\n\n<figure class=\"wp-block-image alignright size-large is-resized\"><img loading=\"lazy\" decoding=\"async\" width=\"724\" height=\"1024\" src=\"https:\/\/www.ace01.org\/wp-content\/uploads\/2026\/01\/Design-sans-titre-724x1024.png\" alt=\"\" class=\"wp-image-250\" style=\"width:333px;height:auto\" srcset=\"https:\/\/www.ace01.org\/wp-content\/uploads\/2026\/01\/Design-sans-titre-724x1024.png 724w, https:\/\/www.ace01.org\/wp-content\/uploads\/2026\/01\/Design-sans-titre-212x300.png 212w, https:\/\/www.ace01.org\/wp-content\/uploads\/2026\/01\/Design-sans-titre.png 1414w\" sizes=\"(max-width: 724px) 100vw, 724px\" \/><\/figure>\n\n\n\n<p><\/p>\n\n\n\n<p><\/p>\n\n\n\n<p><\/p>\n\n\n\n<p><\/p>\n\n\n\n<p><\/p>\n\n\n\n<p><\/p>\n<\/div>\n\n\n\n<p><\/p>\n\n\n\n<p class=\"has-text-align-left\"><strong>Atelier boites solidaire de d\u00e9cembre 2025<\/strong><\/p>\n\n\n\n<div class=\"wp-block-group is-nowrap is-layout-flex wp-container-core-group-layout-3 wp-block-group-is-layout-flex\">\n<div class=\"wp-block-group is-nowrap is-layout-flex wp-container-core-group-layout-2 wp-block-group-is-layout-flex\">\n<figure class=\"wp-block-image alignleft size-large is-resized\"><img loading=\"lazy\" decoding=\"async\" width=\"724\" height=\"1024\" src=\"https:\/\/www.ace01.org\/wp-content\/uploads\/2025\/11\/1-724x1024.png\" alt=\"\" class=\"wp-image-230\" style=\"width:274px;height:auto\" srcset=\"https:\/\/www.ace01.org\/wp-content\/uploads\/2025\/11\/1-724x1024.png 724w, https:\/\/www.ace01.org\/wp-content\/uploads\/2025\/11\/1-212x300.png 212w, https:\/\/www.ace01.org\/wp-content\/uploads\/2025\/11\/1.png 1414w\" sizes=\"(max-width: 724px) 100vw, 724px\" \/><\/figure>\n\n\n\n<figure class=\"wp-block-image alignleft size-large is-resized\"><img loading=\"lazy\" decoding=\"async\" width=\"724\" height=\"1024\" src=\"https:\/\/www.ace01.org\/wp-content\/uploads\/2026\/01\/2-724x1024.png\" alt=\"\" class=\"wp-image-245\" style=\"width:275px;height:auto\" srcset=\"https:\/\/www.ace01.org\/wp-content\/uploads\/2026\/01\/2-724x1024.png 724w, https:\/\/www.ace01.org\/wp-content\/uploads\/2026\/01\/2-212x300.png 212w, https:\/\/www.ace01.org\/wp-content\/uploads\/2026\/01\/2.png 1414w\" sizes=\"(max-width: 724px) 100vw, 724px\" \/><\/figure>\n<\/div>\n\n\n\n<p><\/p>\n\n\n\n<p><\/p>\n\n\n\n<p><\/p>\n\n\n\n<p><\/p>\n\n\n\n<p><\/p>\n\n\n\n<p><\/p>\n\n\n\n<p><\/p>\n\n\n\n<p><\/p>\n\n\n\n<p><\/p>\n<\/div>\n\n\n\n<p><\/p>\n\n\n\n<h2 class=\"wp-block-heading\">Newsletter :<\/h2>\n\n\n\n<p>D\u00e9cembre 2025 <\/p>\n\n\n<iframe loading=\"lazy\" class=\"embed-pdf-viewer\" src=\"https:\/\/www.ace01.org\/wp-content\/uploads\/2025\/12\/lettre-dinfos-decembre.pdf\" height=\"600\" width=\"600\" title=\"lettre-dinfos-decembre\"><\/iframe>\n\n\n<p>Mai 2025<\/p>\n\n\n<iframe loading=\"lazy\" class=\"embed-pdf-viewer\" src=\"https:\/\/www.ace01.org\/wp-content\/uploads\/2025\/05\/Lettre-dinfos-mai.pdf\" height=\"600\" width=\"600\" title=\"Lettre-dinfos-mai\"><\/iframe>\n\n\n<p>F\u00e9vrier 2025 <\/p>\n\n\n<iframe loading=\"lazy\" class=\"embed-pdf-viewer\" src=\"https:\/\/www.ace01.org\/wp-content\/uploads\/2025\/02\/lettre-dinfos-ACE-fevrier.pdf\" height=\"600\" width=\"600\" title=\"lettre-dinfos-ACE-fevrier\"><\/iframe>\n\n\n<p>D\u00e9cembre 2024 <\/p>\n\n\n<iframe loading=\"lazy\" class=\"embed-pdf-viewer\" src=\"https:\/\/www.ace01.org\/wp-content\/uploads\/2025\/02\/lettre-dinfos-ACE-decembre.pdf\" height=\"600\" width=\"600\" title=\"lettre-dinfos-ACE-decembre\"><\/iframe>\n\n\n<p>Mai 2024 <\/p>\n\n\n<iframe loading=\"lazy\" class=\"embed-pdf-viewer\" src=\"https:\/\/www.ace01.org\/wp-content\/uploads\/2024\/08\/lettre-dinformation-mai-2024.pdf\" height=\"600\" width=\"600\" title=\"lettre d&#039;information mai 2024\"><\/iframe>\n\n\n<p>Mars 2024<\/p>\n\n\n<iframe loading=\"lazy\" class=\"embed-pdf-viewer\" src=\"https:\/\/www.ace01.org\/wp-content\/uploads\/2024\/08\/ACE01_lettre_info_mars_2024.pdf\" height=\"600\" width=\"600\" title=\"ACE01_lettre_info_mars_2024\"><\/iframe>\n\n\n<p>F\u00e9vrier 2024<\/p>\n\n\n<iframe loading=\"lazy\" class=\"embed-pdf-viewer\" src=\"https:\/\/www.ace01.org\/wp-content\/uploads\/2024\/08\/ACE01_lettre_info_fevrier_2024.pdf\" height=\"600\" width=\"600\" title=\"ACE01_lettre_info_fevrier_2024\"><\/iframe>\n\n\n<p> <\/p>\n","protected":false},"excerpt":{"rendered":"<p>Proposition pour 2025-2026 autour de La Cantine : Flyers des derni\u00e8res activit\u00e9s de l&rsquo;ACE : Club d&rsquo;enfants et dates des prochains clubs Atelier boites solidaire de d\u00e9cembre 2025 Newsletter : D\u00e9cembre 2025 Mai 2025 F\u00e9vrier 2025 D\u00e9cembre 2024 Mai 2024 Mars 2024 F\u00e9vrier 2024<\/p>\n","protected":false},"author":1,"featured_media":0,"parent":0,"menu_order":1,"comment_status":"closed","ping_status":"closed","template":"","meta":{"footnotes":""},"_links":{"self":[{"href":"https:\/\/www.ace01.org\/index.php?rest_route=\/wp\/v2\/pages\/50"}],"collection":[{"href":"https:\/\/www.ace01.org\/index.php?rest_route=\/wp\/v2\/pages"}],"about":[{"href":"https:\/\/www.ace01.org\/index.php?rest_route=\/wp\/v2\/types\/page"}],"author":[{"embeddable":true,"href":"https:\/\/www.ace01.org\/index.php?rest_route=\/wp\/v2\/users\/1"}],"replies":[{"embeddable":true,"href":"https:\/\/www.ace01.org\/index.php?rest_route=%2Fwp%2Fv2%2Fcomments&post=50"}],"version-history":[{"count":35,"href":"https:\/\/www.ace01.org\/index.php?rest_route=\/wp\/v2\/pages\/50\/revisions"}],"predecessor-version":[{"id":259,"href":"https:\/\/www.ace01.org\/index.php?rest_route=\/wp\/v2\/pages\/50\/revisions\/259"}],"wp:attachment":[{"href":"https:\/\/www.ace01.org\/index.php?rest_route=%2Fwp%2Fv2%2Fmedia&parent=50"}],"curies":[{"name":"wp","href":"https:\/\/api.w.org\/{rel}","templated":true}]}}