{"id":162,"date":"2025-04-02T16:33:01","date_gmt":"2025-04-02T14:33:01","guid":{"rendered":"https:\/\/www.ace01.org\/?page_id=162"},"modified":"2025-09-23T17:29:37","modified_gmt":"2025-09-23T15:29:37","slug":"ace-de-lain-le-mouvement-des-enfants","status":"publish","type":"page","link":"https:\/\/www.ace01.org\/","title":{"rendered":"ACE de l&rsquo;Ain, le mouvement des enfants"},"content":{"rendered":"\n<figure class=\"wp-block-image aligncenter size-full\"><img loading=\"lazy\" decoding=\"async\" width=\"1000\" height=\"250\" src=\"https:\/\/www.ace01.org\/wp-content\/uploads\/2025\/02\/banniereACE01.jpg\" alt=\"\" class=\"wp-image-140\" srcset=\"https:\/\/www.ace01.org\/wp-content\/uploads\/2025\/02\/banniereACE01.jpg 1000w, https:\/\/www.ace01.org\/wp-content\/uploads\/2025\/02\/banniereACE01-300x75.jpg 300w\" sizes=\"(max-width: 1000px) 100vw, 1000px\" \/><\/figure>\n\n\n\n<h4 class=\"wp-block-heading has-text-align-center\"><mark style=\"background-color:rgba(0, 0, 0, 0);color:#fdcc2c\" class=\"has-inline-color\">L&rsquo;ACE de l&rsquo;Ain est une association d&rsquo;\u00e9ducation populaire intervenant dans le d\u00e9partement de l&rsquo;Ain depuis 1975. <\/mark><\/h4>\n\n\n\n<p class=\"has-text-align-center\">L\u2019ACE de l\u2019Ain est une association loi 1901, agr\u00e9e d\u2019\u00e9ducation populaire par arr\u00eat\u00e9 du 1er avril 2004, renouvel\u00e9 le 28 janvier 2025. Elle s\u2019adresse \u00e0 tous les enfants sans aucune distinction de nationalit\u00e9, de religion, de condition sociale et d\u2019appartenance culturelle. En groupes de copains encadr\u00e9s par des jeunes, les enfants jouent, discutent et m\u00e8nent des projets communs. L\u2019ACE leur permet de se construire et de devenir acteur et citoyen de la soci\u00e9t\u00e9, selon des valeurs humaines.<\/p>\n\n\n\n<p class=\"has-text-align-center\">Pour appuyer notre volont\u00e9 de d\u00e9velopper l\u2019ACE dans l\u2019Ain, nous avons nou\u00e9 un partenariat avec le MRJC de l\u2019Ain : depuis 5 ans, un quart temps de l\u2019animatrice permanente du MRJC est consacr\u00e9 \u00e0 l\u2019ACE de l\u2019Ain. Celle-ci est entour\u00e9e du Conseil d\u2019Administration compos\u00e9 de membres b\u00e9n\u00e9voles et d\u2019animateurs, animatrices b\u00e9n\u00e9voles. <\/p>\n\n\n\n<div class=\"wp-block-cover wp-duotone-000-0067b3-1\" style=\"min-height:188px\"><span aria-hidden=\"true\" class=\"wp-block-cover__background has-tertiary-background-color has-background-dim\"><\/span><img loading=\"lazy\" decoding=\"async\" width=\"2000\" height=\"924\" class=\"wp-block-cover__image-background wp-image-16\" alt=\"\" src=\"https:\/\/www.ace01.org\/wp-content\/uploads\/2024\/08\/WhatsApp-Image-2024-08-27-a-13.59.13_f9e9ab26.jpg\" data-object-fit=\"cover\" srcset=\"https:\/\/www.ace01.org\/wp-content\/uploads\/2024\/08\/WhatsApp-Image-2024-08-27-a-13.59.13_f9e9ab26.jpg 2000w, https:\/\/www.ace01.org\/wp-content\/uploads\/2024\/08\/WhatsApp-Image-2024-08-27-a-13.59.13_f9e9ab26-300x139.jpg 300w, https:\/\/www.ace01.org\/wp-content\/uploads\/2024\/08\/WhatsApp-Image-2024-08-27-a-13.59.13_f9e9ab26-1024x473.jpg 1024w\" sizes=\"(max-width: 2000px) 100vw, 2000px\" \/><div class=\"wp-block-cover__inner-container has-global-padding is-layout-constrained wp-block-cover-is-layout-constrained\">\n<p class=\"has-text-align-center has-large-font-size\"><strong><mark style=\"background-color:rgba(0, 0, 0, 0)\" class=\"has-inline-color has-white-color\">Que fait-on \u00e0 l&rsquo;ACE ?<\/mark><\/strong><\/p>\n<\/div><\/div>\n\n\n\n<figure class=\"wp-block-gallery aligncenter has-nested-images columns-default is-cropped wp-block-gallery-2 is-layout-flex wp-block-gallery-is-layout-flex\">\n<figure class=\"wp-block-image size-large\"><img loading=\"lazy\" decoding=\"async\" width=\"724\" height=\"1024\" data-id=\"134\" src=\"https:\/\/www.ace01.org\/wp-content\/uploads\/2025\/02\/Que-fait-on-a-lACE-de-lAin-_page-0006-724x1024.jpg\" alt=\"\" class=\"wp-image-134\" srcset=\"https:\/\/www.ace01.org\/wp-content\/uploads\/2025\/02\/Que-fait-on-a-lACE-de-lAin-_page-0006-724x1024.jpg 724w, https:\/\/www.ace01.org\/wp-content\/uploads\/2025\/02\/Que-fait-on-a-lACE-de-lAin-_page-0006-212x300.jpg 212w, https:\/\/www.ace01.org\/wp-content\/uploads\/2025\/02\/Que-fait-on-a-lACE-de-lAin-_page-0006.jpg 1241w\" sizes=\"(max-width: 724px) 100vw, 724px\" \/><\/figure>\n\n\n\n<figure class=\"wp-block-image size-large\"><img loading=\"lazy\" decoding=\"async\" width=\"724\" height=\"1024\" data-id=\"135\" src=\"https:\/\/www.ace01.org\/wp-content\/uploads\/2025\/02\/Que-fait-on-a-lACE-de-lAin-_page-0007-724x1024.jpg\" alt=\"\" class=\"wp-image-135\" srcset=\"https:\/\/www.ace01.org\/wp-content\/uploads\/2025\/02\/Que-fait-on-a-lACE-de-lAin-_page-0007-724x1024.jpg 724w, https:\/\/www.ace01.org\/wp-content\/uploads\/2025\/02\/Que-fait-on-a-lACE-de-lAin-_page-0007-212x300.jpg 212w, https:\/\/www.ace01.org\/wp-content\/uploads\/2025\/02\/Que-fait-on-a-lACE-de-lAin-_page-0007.jpg 1241w\" sizes=\"(max-width: 724px) 100vw, 724px\" \/><\/figure>\n\n\n\n<figure class=\"wp-block-image size-large\"><img loading=\"lazy\" decoding=\"async\" width=\"724\" height=\"1024\" data-id=\"133\" src=\"https:\/\/www.ace01.org\/wp-content\/uploads\/2025\/02\/Que-fait-on-a-lACE-de-lAin-_page-0005-724x1024.jpg\" alt=\"\" class=\"wp-image-133\" srcset=\"https:\/\/www.ace01.org\/wp-content\/uploads\/2025\/02\/Que-fait-on-a-lACE-de-lAin-_page-0005-724x1024.jpg 724w, https:\/\/www.ace01.org\/wp-content\/uploads\/2025\/02\/Que-fait-on-a-lACE-de-lAin-_page-0005-212x300.jpg 212w, https:\/\/www.ace01.org\/wp-content\/uploads\/2025\/02\/Que-fait-on-a-lACE-de-lAin-_page-0005.jpg 1241w\" sizes=\"(max-width: 724px) 100vw, 724px\" \/><\/figure>\n\n\n\n<figure class=\"wp-block-image size-large\"><img loading=\"lazy\" decoding=\"async\" width=\"724\" height=\"1024\" data-id=\"132\" src=\"https:\/\/www.ace01.org\/wp-content\/uploads\/2025\/02\/Que-fait-on-a-lACE-de-lAin-_page-0004-724x1024.jpg\" alt=\"\" class=\"wp-image-132\" srcset=\"https:\/\/www.ace01.org\/wp-content\/uploads\/2025\/02\/Que-fait-on-a-lACE-de-lAin-_page-0004-724x1024.jpg 724w, https:\/\/www.ace01.org\/wp-content\/uploads\/2025\/02\/Que-fait-on-a-lACE-de-lAin-_page-0004-212x300.jpg 212w, https:\/\/www.ace01.org\/wp-content\/uploads\/2025\/02\/Que-fait-on-a-lACE-de-lAin-_page-0004.jpg 1241w\" sizes=\"(max-width: 724px) 100vw, 724px\" \/><\/figure>\n\n\n\n<figure class=\"wp-block-image size-large\"><img loading=\"lazy\" decoding=\"async\" width=\"724\" height=\"1024\" data-id=\"131\" src=\"https:\/\/www.ace01.org\/wp-content\/uploads\/2025\/02\/Que-fait-on-a-lACE-de-lAin-_page-0003-724x1024.jpg\" alt=\"\" class=\"wp-image-131\" srcset=\"https:\/\/www.ace01.org\/wp-content\/uploads\/2025\/02\/Que-fait-on-a-lACE-de-lAin-_page-0003-724x1024.jpg 724w, https:\/\/www.ace01.org\/wp-content\/uploads\/2025\/02\/Que-fait-on-a-lACE-de-lAin-_page-0003-212x300.jpg 212w, https:\/\/www.ace01.org\/wp-content\/uploads\/2025\/02\/Que-fait-on-a-lACE-de-lAin-_page-0003.jpg 1241w\" sizes=\"(max-width: 724px) 100vw, 724px\" \/><\/figure>\n\n\n\n<figure class=\"wp-block-image size-large\"><img loading=\"lazy\" decoding=\"async\" width=\"724\" height=\"1024\" data-id=\"130\" src=\"https:\/\/www.ace01.org\/wp-content\/uploads\/2025\/02\/Que-fait-on-a-lACE-de-lAin-_page-0002-724x1024.jpg\" alt=\"\" class=\"wp-image-130\" srcset=\"https:\/\/www.ace01.org\/wp-content\/uploads\/2025\/02\/Que-fait-on-a-lACE-de-lAin-_page-0002-724x1024.jpg 724w, https:\/\/www.ace01.org\/wp-content\/uploads\/2025\/02\/Que-fait-on-a-lACE-de-lAin-_page-0002-212x300.jpg 212w, https:\/\/www.ace01.org\/wp-content\/uploads\/2025\/02\/Que-fait-on-a-lACE-de-lAin-_page-0002.jpg 1241w\" sizes=\"(max-width: 724px) 100vw, 724px\" \/><\/figure>\n<\/figure>\n\n\n\n<p class=\"has-text-align-center\"><em><mark style=\"background-color:rgba(0, 0, 0, 0)\" class=\"has-inline-color has-foreground-color\">Pour en savoir plus sur les \u00e9v\u00e8nements \u00e0 venir ou sur le projet associatif de l&rsquo;ACE, rendez-vous sur les pages suivantes : <\/mark><\/em><\/p>\n\n\n<nav class=\"is-responsive items-justified-center wp-block-navigation is-content-justification-center is-layout-flex wp-container-core-navigation-layout-1 wp-block-navigation-is-layout-flex\" aria-label=\"Navigation\" \n\t\t\tdata-wp-interactive\n\t\t\tdata-wp-context='{\"core\":{\"navigation\":{\"overlayOpenedBy\":[],\"type\":\"overlay\",\"roleAttribute\":\"\",\"ariaLabel\":\"Menu\"}}}'\n\t\t><button aria-haspopup=\"true\" aria-label=\"Ouvrir le menu\" class=\"wp-block-navigation__responsive-container-open \" \n\t\t\tdata-wp-on--click=\"actions.core.navigation.openMenuOnClick\"\n\t\t\tdata-wp-on--keydown=\"actions.core.navigation.handleMenuKeydown\"\n\t\t><svg width=\"24\" height=\"24\" xmlns=\"http:\/\/www.w3.org\/2000\/svg\" viewBox=\"0 0 24 24\" aria-hidden=\"true\" focusable=\"false\"><rect x=\"4\" y=\"7.5\" width=\"16\" height=\"1.5\" \/><rect x=\"4\" y=\"15\" width=\"16\" height=\"1.5\" \/><\/svg><\/button>\n\t\t\t<div class=\"wp-block-navigation__responsive-container  \" style=\"\" id=\"modal-3\" \n\t\t\tdata-wp-class--has-modal-open=\"selectors.core.navigation.isMenuOpen\"\n\t\t\tdata-wp-class--is-menu-open=\"selectors.core.navigation.isMenuOpen\"\n\t\t\tdata-wp-effect=\"effects.core.navigation.initMenu\"\n\t\t\tdata-wp-on--keydown=\"actions.core.navigation.handleMenuKeydown\"\n\t\t\tdata-wp-on--focusout=\"actions.core.navigation.handleMenuFocusout\"\n\t\t\ttabindex=\"-1\"\n\t\t>\n\t\t\t\t<div class=\"wp-block-navigation__responsive-close\" tabindex=\"-1\">\n\t\t\t\t\t<div class=\"wp-block-navigation__responsive-dialog\" \n\t\t\tdata-wp-bind--aria-modal=\"selectors.core.navigation.ariaModal\"\n\t\t\tdata-wp-bind--aria-label=\"selectors.core.navigation.ariaLabel\"\n\t\t\tdata-wp-bind--role=\"selectors.core.navigation.roleAttribute\"\n\t\t\tdata-wp-effect=\"effects.core.navigation.focusFirstElement\"\n\t\t>\n\t\t\t\t\t\t\t<button aria-label=\"Fermer le menu\" class=\"wp-block-navigation__responsive-container-close\" \n\t\t\tdata-wp-on--click=\"actions.core.navigation.closeMenuOnClick\"\n\t\t><svg xmlns=\"http:\/\/www.w3.org\/2000\/svg\" viewBox=\"0 0 24 24\" width=\"24\" height=\"24\" aria-hidden=\"true\" focusable=\"false\"><path d=\"M13 11.8l6.1-6.3-1-1-6.1 6.2-6.1-6.2-1 1 6.1 6.3-6.5 6.7 1 1 6.5-6.6 6.5 6.6 1-1z\"><\/path><\/svg><\/button>\n\t\t\t\t\t\t<div class=\"wp-block-navigation__responsive-container-content\" id=\"modal-3-content\">\n\t\t\t\t\t\t\t<ul class=\"wp-block-navigation__container is-responsive items-justified-center wp-block-navigation\"><li class=\" wp-block-navigation-item wp-block-navigation-link\"><a class=\"wp-block-navigation-item__content\"  href=\"https:\/\/www.ace01.org\/?page_id=50\"><span class=\"wp-block-navigation-item__label\">Newsletter et Actualit\u00e9s<\/span><\/a><\/li><li class=\" wp-block-navigation-item wp-block-navigation-link\"><a class=\"wp-block-navigation-item__content\"  href=\"https:\/\/www.ace01.org\/?page_id=145\"><span class=\"wp-block-navigation-item__label\">Projet Associatif<\/span><\/a><\/li><\/ul>\n\t\t\t\t\t\t<\/div>\n\t\t\t\t\t<\/div>\n\t\t\t\t<\/div>\n\t\t\t<\/div><\/nav>\n\n\n<h2 class=\"wp-block-heading\">Prochain \u00e9v\u00e8nement : <\/h2>\n","protected":false},"excerpt":{"rendered":"<p>L&rsquo;ACE de l&rsquo;Ain est une association d&rsquo;\u00e9ducation populaire intervenant dans le d\u00e9partement de l&rsquo;Ain depuis 1975. L\u2019ACE de l\u2019Ain est une association loi 1901, agr\u00e9e d\u2019\u00e9ducation populaire par arr\u00eat\u00e9 du 1er avril 2004, renouvel\u00e9 le 28 janvier 2025. Elle s\u2019adresse \u00e0 tous les enfants sans aucune distinction de nationalit\u00e9, de religion, de condition sociale et &hellip; <\/p>\n<p class=\"link-more\"><a href=\"https:\/\/www.ace01.org\/\" class=\"more-link\">Lire la suite de<span class=\"screen-reader-text\">\u00ab\u00a0ACE de l&rsquo;Ain, le mouvement des enfants\u00a0\u00bb<\/span><\/a><\/p>\n","protected":false},"author":1,"featured_media":0,"parent":0,"menu_order":0,"comment_status":"closed","ping_status":"closed","template":"","meta":{"footnotes":""},"_links":{"self":[{"href":"https:\/\/www.ace01.org\/index.php?rest_route=\/wp\/v2\/pages\/162"}],"collection":[{"href":"https:\/\/www.ace01.org\/index.php?rest_route=\/wp\/v2\/pages"}],"about":[{"href":"https:\/\/www.ace01.org\/index.php?rest_route=\/wp\/v2\/types\/page"}],"author":[{"embeddable":true,"href":"https:\/\/www.ace01.org\/index.php?rest_route=\/wp\/v2\/users\/1"}],"replies":[{"embeddable":true,"href":"https:\/\/www.ace01.org\/index.php?rest_route=%2Fwp%2Fv2%2Fcomments&post=162"}],"version-history":[{"count":4,"href":"https:\/\/www.ace01.org\/index.php?rest_route=\/wp\/v2\/pages\/162\/revisions"}],"predecessor-version":[{"id":210,"href":"https:\/\/www.ace01.org\/index.php?rest_route=\/wp\/v2\/pages\/162\/revisions\/210"}],"wp:attachment":[{"href":"https:\/\/www.ace01.org\/index.php?rest_route=%2Fwp%2Fv2%2Fmedia&parent=162"}],"curies":[{"name":"wp","href":"https:\/\/api.w.org\/{rel}","templated":true}]}}