{"id":145,"date":"2025-04-02T11:21:41","date_gmt":"2025-04-02T09:21:41","guid":{"rendered":"https:\/\/www.ace01.org\/?page_id=145"},"modified":"2025-04-02T11:21:41","modified_gmt":"2025-04-02T09:21:41","slug":"projet-associatif","status":"publish","type":"page","link":"https:\/\/www.ace01.org\/?page_id=145","title":{"rendered":"Projet Associatif"},"content":{"rendered":"\n<h4 class=\"wp-block-heading has-text-align-center\">L&rsquo;ACE de l&rsquo;Ain vous propose de prendre connaissance de son projet associatif en FALC (Facile \u00e0 Lire et \u00e0 Comprendre) <\/h4>\n\n\n\n<div class=\"wp-block-media-text is-stacked-on-mobile\"><figure class=\"wp-block-media-text__media\"><img loading=\"lazy\" decoding=\"async\" width=\"500\" height=\"500\" src=\"https:\/\/www.ace01.org\/wp-content\/uploads\/2025\/02\/1.png\" alt=\"\" class=\"wp-image-137 size-full\" srcset=\"https:\/\/www.ace01.org\/wp-content\/uploads\/2025\/02\/1.png 500w, https:\/\/www.ace01.org\/wp-content\/uploads\/2025\/02\/1-300x300.png 300w, https:\/\/www.ace01.org\/wp-content\/uploads\/2025\/02\/1-150x150.png 150w\" sizes=\"(max-width: 500px) 100vw, 500px\" \/><\/figure><div class=\"wp-block-media-text__content\">\n<p class=\"has-text-align-center\">Notre association veut aider les enfants \u00e0 grandir et \u00e0 comprendre le monde, en suivant des valeurs comme l&rsquo;entraide, l&rsquo;autonomie et le respect des autres. Nous croyons que chaque enfant peut apprendre en \u00e9tant dans un groupe, en r\u00e9fl\u00e9chissant, en s&rsquo;\u00e9merveillant et ne se faisant des exp\u00e9riences. <\/p>\n<\/div><\/div>\n\n\n\n<div class=\"wp-block-media-text has-media-on-the-right is-stacked-on-mobile\"><div class=\"wp-block-media-text__content\">\n<p class=\"has-text-align-center\"><strong>Le Collectif <\/strong>&#8211; le travail en groupe <\/p>\n\n\n\n<p class=\"has-text-align-center\">Nous aidons les enfants \u00e0 comprendre ce que c&rsquo;est que vivre avec d&rsquo;autres, \u00e0 travailler ensemble et \u00e0 \u00eatre responsables. Dans nos activit\u00e9s, nous faisons attention aux relations entre les enfants et \u00e0 leur bien-\u00eatre. Les enfants discutent, essaient de nouvelles choses ensemble et prennent des d\u00e9cisions collectivement. Nous voulons qu&rsquo;ils soient ouverts aux autres, respectent les diff\u00e9rences et apprennent \u00e0 vivre ensemble, m\u00eame avec des enfants d&rsquo;autres milieux.<\/p>\n<\/div><figure class=\"wp-block-media-text__media\"><img loading=\"lazy\" decoding=\"async\" width=\"500\" height=\"500\" src=\"https:\/\/www.ace01.org\/wp-content\/uploads\/2025\/02\/2.png\" alt=\"\" class=\"wp-image-138 size-full\" srcset=\"https:\/\/www.ace01.org\/wp-content\/uploads\/2025\/02\/2.png 500w, https:\/\/www.ace01.org\/wp-content\/uploads\/2025\/02\/2-300x300.png 300w, https:\/\/www.ace01.org\/wp-content\/uploads\/2025\/02\/2-150x150.png 150w\" sizes=\"(max-width: 500px) 100vw, 500px\" \/><\/figure><\/div>\n\n\n\n<div class=\"wp-block-media-text is-stacked-on-mobile\"><figure class=\"wp-block-media-text__media\"><img loading=\"lazy\" decoding=\"async\" width=\"500\" height=\"500\" src=\"https:\/\/www.ace01.org\/wp-content\/uploads\/2025\/02\/3.png\" alt=\"\" class=\"wp-image-139 size-full\" srcset=\"https:\/\/www.ace01.org\/wp-content\/uploads\/2025\/02\/3.png 500w, https:\/\/www.ace01.org\/wp-content\/uploads\/2025\/02\/3-300x300.png 300w, https:\/\/www.ace01.org\/wp-content\/uploads\/2025\/02\/3-150x150.png 150w\" sizes=\"(max-width: 500px) 100vw, 500px\" \/><\/figure><div class=\"wp-block-media-text__content\">\n<p class=\"has-text-align-center\"><strong>Apprendre \u00e0 \u00eatre autonome et responsable<\/strong> <\/p>\n\n\n\n<p class=\"has-text-align-center\">Notre but est que chaque enfant devienne acteur de sa vie et de la vie en soci\u00e9t\u00e9. Nous voulons que les enfants aient des responsabilit\u00e9s. Ils apprennent \u00e0 faire des choix et \u00e0 exp\u00e9rimenter, tout en sachant qu&rsquo;il n&rsquo;y a pas de mauvaise r\u00e9ponse. Ils peuvent se tromper et apprendre de leurs erreurs sans \u00eatre jug\u00e9s. Les enfants d\u00e9veloppent leur confiance en eux et apprennent \u00e0 travailler avec les autres. <\/p>\n<\/div><\/div>\n\n\n\n<div class=\"wp-block-media-text has-media-on-the-right is-stacked-on-mobile\"><div class=\"wp-block-media-text__content\">\n<p class=\"has-text-align-center\"><strong>S&rsquo;\u00e9merveiller et r\u00e9fl\u00e9chir <\/strong><\/p>\n\n\n\n<p class=\"has-text-align-center\">Nous offrons des moments o\u00f9 les enfants peuvent prendre leur temps pour observer la nature, les autres et le monde autour d&rsquo;eux. Cela les aide \u00e0 r\u00e9fl\u00e9chir sur ce qui les rend heureux et ce qu&rsquo;ils peuvent am\u00e9liorer. Les enfants peuvent aussi partager leurs exp\u00e9riences, raconter ce qu&rsquo;ils ont v\u00e9cu et ce qu&rsquo;ils ont appris. Cela les aide \u00e0 se comprendre eux-m\u00eames et \u00e0 comprendre les autres. <\/p>\n<\/div><figure class=\"wp-block-media-text__media\"><img loading=\"lazy\" decoding=\"async\" width=\"500\" height=\"500\" src=\"https:\/\/www.ace01.org\/wp-content\/uploads\/2025\/02\/1.png\" alt=\"\" class=\"wp-image-137 size-full\" srcset=\"https:\/\/www.ace01.org\/wp-content\/uploads\/2025\/02\/1.png 500w, https:\/\/www.ace01.org\/wp-content\/uploads\/2025\/02\/1-300x300.png 300w, https:\/\/www.ace01.org\/wp-content\/uploads\/2025\/02\/1-150x150.png 150w\" sizes=\"(max-width: 500px) 100vw, 500px\" \/><\/figure><\/div>\n\n\n\n<div class=\"wp-block-media-text is-stacked-on-mobile\"><figure class=\"wp-block-media-text__media\"><img loading=\"lazy\" decoding=\"async\" width=\"500\" height=\"500\" src=\"https:\/\/www.ace01.org\/wp-content\/uploads\/2025\/02\/2.png\" alt=\"\" class=\"wp-image-138 size-full\" srcset=\"https:\/\/www.ace01.org\/wp-content\/uploads\/2025\/02\/2.png 500w, https:\/\/www.ace01.org\/wp-content\/uploads\/2025\/02\/2-300x300.png 300w, https:\/\/www.ace01.org\/wp-content\/uploads\/2025\/02\/2-150x150.png 150w\" sizes=\"(max-width: 500px) 100vw, 500px\" \/><\/figure><div class=\"wp-block-media-text__content\">\n<p class=\"has-text-align-center\"><strong>Le parcours \u00e9ducatif des enfants <\/strong><\/p>\n\n\n\n<p class=\"has-text-align-center\">Nous voulons que les enfants vivent des exp\u00e9riences enrichissantes qui les aident \u00e0 grandir, \u00e0 d\u00e9couvrir et \u00e0 apprendre petit \u00e0 petit. Notre travail se fait en collaboration avec les familles. Nous respectons l&rsquo;\u00e9ducation que les enfants re\u00e7oivent \u00e0 la maison. Les enfants participent \u00e0 diff\u00e9rents \u00e9v\u00e8nements comme des clubs, des camps d&rsquo;\u00e9t\u00e9 et d&rsquo;autres moments sp\u00e9ciaux. Ces activit\u00e9s les aident \u00e0 vivre des exp\u00e9riences collectives et \u00e0 rencontrer d&rsquo;autres enfants. <\/p>\n<\/div><\/div>\n\n\n\n<div class=\"wp-block-media-text has-media-on-the-right is-stacked-on-mobile\"><div class=\"wp-block-media-text__content\">\n<p class=\"has-text-align-center\"><strong>Le travail en r\u00e9seau et la coop\u00e9ration <\/strong><\/p>\n\n\n\n<p class=\"has-text-align-center\">Nous voulons aussi que les enfants rencontrent d&rsquo;autres groupes d&rsquo;enfants, dans notre r\u00e9gion et m\u00eame au niveau nationale. Nous collaborons avec d&rsquo;autres associations comme le MRJC pour cr\u00e9er des liens entre les g\u00e9n\u00e9rations et aider les enfants \u00e0 grandir. <\/p>\n<\/div><figure class=\"wp-block-media-text__media\"><img loading=\"lazy\" decoding=\"async\" width=\"500\" height=\"500\" src=\"https:\/\/www.ace01.org\/wp-content\/uploads\/2025\/02\/3.png\" alt=\"\" class=\"wp-image-139 size-full\" srcset=\"https:\/\/www.ace01.org\/wp-content\/uploads\/2025\/02\/3.png 500w, https:\/\/www.ace01.org\/wp-content\/uploads\/2025\/02\/3-300x300.png 300w, https:\/\/www.ace01.org\/wp-content\/uploads\/2025\/02\/3-150x150.png 150w\" sizes=\"(max-width: 500px) 100vw, 500px\" \/><\/figure><\/div>\n\n\n\n<figure class=\"wp-block-image aligncenter size-full\"><img loading=\"lazy\" decoding=\"async\" width=\"1000\" height=\"250\" src=\"https:\/\/www.ace01.org\/wp-content\/uploads\/2025\/02\/banniereACE01.jpg\" alt=\"\" class=\"wp-image-140\" srcset=\"https:\/\/www.ace01.org\/wp-content\/uploads\/2025\/02\/banniereACE01.jpg 1000w, https:\/\/www.ace01.org\/wp-content\/uploads\/2025\/02\/banniereACE01-300x75.jpg 300w\" sizes=\"(max-width: 1000px) 100vw, 1000px\" \/><\/figure>\n","protected":false},"excerpt":{"rendered":"<p>L&rsquo;ACE de l&rsquo;Ain vous propose de prendre connaissance de son projet associatif en FALC (Facile \u00e0 Lire et \u00e0 Comprendre) Notre association veut aider les enfants \u00e0 grandir et \u00e0 comprendre le monde, en suivant des valeurs comme l&rsquo;entraide, l&rsquo;autonomie et le respect des autres. Nous croyons que chaque enfant peut apprendre en \u00e9tant dans &hellip; <\/p>\n<p class=\"link-more\"><a href=\"https:\/\/www.ace01.org\/?page_id=145\" class=\"more-link\">Lire la suite de<span class=\"screen-reader-text\">\u00ab\u00a0Projet Associatif\u00a0\u00bb<\/span><\/a><\/p>\n","protected":false},"author":1,"featured_media":0,"parent":0,"menu_order":0,"comment_status":"closed","ping_status":"closed","template":"","meta":{"footnotes":""},"_links":{"self":[{"href":"https:\/\/www.ace01.org\/index.php?rest_route=\/wp\/v2\/pages\/145"}],"collection":[{"href":"https:\/\/www.ace01.org\/index.php?rest_route=\/wp\/v2\/pages"}],"about":[{"href":"https:\/\/www.ace01.org\/index.php?rest_route=\/wp\/v2\/types\/page"}],"author":[{"embeddable":true,"href":"https:\/\/www.ace01.org\/index.php?rest_route=\/wp\/v2\/users\/1"}],"replies":[{"embeddable":true,"href":"https:\/\/www.ace01.org\/index.php?rest_route=%2Fwp%2Fv2%2Fcomments&post=145"}],"version-history":[{"count":2,"href":"https:\/\/www.ace01.org\/index.php?rest_route=\/wp\/v2\/pages\/145\/revisions"}],"predecessor-version":[{"id":147,"href":"https:\/\/www.ace01.org\/index.php?rest_route=\/wp\/v2\/pages\/145\/revisions\/147"}],"wp:attachment":[{"href":"https:\/\/www.ace01.org\/index.php?rest_route=%2Fwp%2Fv2%2Fmedia&parent=145"}],"curies":[{"name":"wp","href":"https:\/\/api.w.org\/{rel}","templated":true}]}}